{"id":137,"date":"2019-06-19T21:21:07","date_gmt":"2019-06-19T21:21:07","guid":{"rendered":"http:\/\/mash.ro\/?page_id=137"},"modified":"2025-06-29T12:10:11","modified_gmt":"2025-06-29T12:10:11","slug":"inscriere","status":"publish","type":"page","link":"https:\/\/mash.ro\/index.php\/inscriere\/","title":{"rendered":"Inscriere"},"content":{"rendered":"<p>[et_pb_section fb_built=&#8221;1&#8243; _builder_version=&#8221;4.21.0&#8243; _module_preset=&#8221;default&#8221; global_colors_info=&#8221;{}&#8221;][et_pb_row admin_label=&#8221;R\u00e2nd&#8221; _builder_version=&#8221;4.21.0&#8243; _module_preset=&#8221;default&#8221; global_colors_info=&#8221;{}&#8221;][et_pb_column type=&#8221;4_4&#8243; _builder_version=&#8221;4.21.0&#8243; _module_preset=&#8221;default&#8221; global_colors_info=&#8221;{}&#8221;][et_pb_menu admin_label=&#8221;Meniu&#8221; _builder_version=&#8221;4.21.0&#8243; _module_preset=&#8221;default&#8221; link_option_url=&#8221;https:\/\/mash.ro\/?page_id=141&#038;preview=true&#8221; global_colors_info=&#8221;{}&#8221;][\/et_pb_menu][et_pb_button button_url=&#8221;https:\/\/mash.ro\/index.php\/inscriere\/formular-inscriere\/&#8221; button_text=&#8221;Formular de Inscriere&#8221; button_alignment=&#8221;center&#8221; admin_label=&#8221;Buton&#8221; _builder_version=&#8221;4.21.0&#8243; _module_preset=&#8221;default&#8221; custom_button=&#8221;on&#8221; button_text_color=&#8221;#A31515&#8243; box_shadow_style=&#8221;preset6&#8243; global_colors_info=&#8221;{}&#8221;][\/et_pb_button][et_pb_button button_url=&#8221;https:\/\/mash.ro\/index.php\/inscriere\/conditii-inscriere\/&#8221; button_text=&#8221;Conditii de Inscriere&#8221; button_alignment=&#8221;center&#8221; admin_label=&#8221;Buton&#8221; _builder_version=&#8221;4.21.0&#8243; _module_preset=&#8221;default&#8221; custom_button=&#8221;on&#8221; button_text_color=&#8221;#A31515&#8243; box_shadow_style=&#8221;preset6&#8243; global_colors_info=&#8221;{}&#8221;][\/et_pb_button][et_pb_button button_url=&#8221;https:\/\/mash.ro\/index.php\/inscriere\/lista-participanti\/&#8221; button_text=&#8221;Lista Participanti&#8221; button_alignment=&#8221;center&#8221; admin_label=&#8221;Buton&#8221; _builder_version=&#8221;4.21.0&#8243; _module_preset=&#8221;default&#8221; custom_button=&#8221;on&#8221; button_text_color=&#8221;#A31515&#8243; hover_enabled=&#8221;0&#8243; box_shadow_style=&#8221;preset6&#8243; global_colors_info=&#8221;{}&#8221; sticky_enabled=&#8221;0&#8243;][\/et_pb_button][et_pb_countdown_timer title=&#8221;Ne intalnim peste&#8221; date_time=&#8221;2025-08-01 11:00&#8243; admin_label=&#8221;Cronometru cu Num\u0103r\u0103toare Invers\u0103&#8221; _builder_version=&#8221;4.21.0&#8243; global_colors_info=&#8221;{}&#8221;][\/et_pb_countdown_timer][et_pb_text admin_label=&#8221;Formular&#8221; _builder_version=&#8221;4.21.0&#8243; _module_preset=&#8221;default&#8221; link_option_url=&#8221;https:\/\/mash.ro\/index.php\/inscriere\/formular-inscriere\/&#8221; global_colors_info=&#8221;{}&#8221;]<\/p>\n<h2 style=\"text-align: center;\">Locuri disponibile<\/h2>\n<h1 style=\"text-align: center;\">45<\/h1>\n<p>[\/et_pb_text][\/et_pb_column][\/et_pb_row][\/et_pb_section]<\/p>\n","protected":false},"excerpt":{"rendered":"<p>Locuri disponibile 45<\/p>\n","protected":false},"author":1,"featured_media":0,"parent":0,"menu_order":0,"comment_status":"closed","ping_status":"closed","template":"","meta":{"_et_pb_use_builder":"on","_et_pb_old_content":"","_et_gb_content_width":"","footnotes":""},"class_list":["post-137","page","type-page","status-publish","hentry"],"_links":{"self":[{"href":"https:\/\/mash.ro\/index.php\/wp-json\/wp\/v2\/pages\/137","targetHints":{"allow":["GET"]}}],"collection":[{"href":"https:\/\/mash.ro\/index.php\/wp-json\/wp\/v2\/pages"}],"about":[{"href":"https:\/\/mash.ro\/index.php\/wp-json\/wp\/v2\/types\/page"}],"author":[{"embeddable":true,"href":"https:\/\/mash.ro\/index.php\/wp-json\/wp\/v2\/users\/1"}],"replies":[{"embeddable":true,"href":"https:\/\/mash.ro\/index.php\/wp-json\/wp\/v2\/comments?post=137"}],"version-history":[{"count":27,"href":"https:\/\/mash.ro\/index.php\/wp-json\/wp\/v2\/pages\/137\/revisions"}],"predecessor-version":[{"id":769,"href":"https:\/\/mash.ro\/index.php\/wp-json\/wp\/v2\/pages\/137\/revisions\/769"}],"wp:attachment":[{"href":"https:\/\/mash.ro\/index.php\/wp-json\/wp\/v2\/media?parent=137"}],"curies":[{"name":"wp","href":"https:\/\/api.w.org\/{rel}","templated":true}]}}